{"id":6,"date":"2025-03-28T11:25:24","date_gmt":"2025-03-28T11:25:24","guid":{"rendered":"https:\/\/focusonstartup.com\/?page_id=6"},"modified":"2025-03-28T11:25:24","modified_gmt":"2025-03-28T11:25:24","slug":"6-2","status":"publish","type":"page","link":"https:\/\/focusonstartup.com\/","title":{"rendered":""},"content":{"rendered":"<!-- wp:themify-builder\/canvas \/-->","protected":false},"excerpt":{"rendered":"","protected":false},"author":1,"featured_media":7,"parent":0,"menu_order":0,"comment_status":"closed","ping_status":"closed","template":"","meta":{"footnotes":""},"class_list":["post-6","page","type-page","status-publish","has-post-thumbnail"],"builder_content":"<h3>Especialistas en publicidad digital para Startups<\/h3><p>En Focu on Startup ayudamos a las empresas emergentes a despegar de forma espectacular. Con nosotros podr\u00e1s convertir cualquier proyecto en un negocio de \u00e9xito. \u00bfPor qu\u00e9 elegirnos? Pues porque tenemos muchas cualidades a medida de tu empresa.<\/p>\n<img src=\"https:\/\/focusonstartup.com\/wp-content\/uploads\/2025\/03\/especialistas-SEM-3-350x350.jpg\" width=\"350\" height=\"350\" title=\"especialistas SEM para startups\" alt=\"especialistas SEM para startups\" srcset=\"https:\/\/focusonstartup.com\/wp-content\/uploads\/2025\/03\/especialistas-SEM-3-350x350.jpg 350w, https:\/\/focusonstartup.com\/wp-content\/uploads\/2025\/03\/especialistas-SEM-3-300x300.jpg 300w, https:\/\/focusonstartup.com\/wp-content\/uploads\/2025\/03\/especialistas-SEM-3-150x150.jpg 150w, https:\/\/focusonstartup.com\/wp-content\/uploads\/2025\/03\/especialistas-SEM-3.jpg 512w\" sizes=\"(max-width: 350px) 100vw, 350px\" \/>\n<h4>Google Ads para Startups<\/h4><p>Posicionamos tu negocio en los primeros resultados de los anuncios de Google al menor precio posible para conseguir la mayor cantidad de tr\u00e1fico cualificado posible.<\/p>\n<img src=\"https:\/\/focusonstartup.com\/wp-content\/uploads\/2025\/03\/especialistas-SEM-350x350.jpg\" width=\"350\" height=\"350\" title=\"especialistas SEM para startups\" alt=\"especialistas SEM para startups\" srcset=\"https:\/\/focusonstartup.com\/wp-content\/uploads\/2025\/03\/especialistas-SEM-350x350.jpg 350w, https:\/\/focusonstartup.com\/wp-content\/uploads\/2025\/03\/especialistas-SEM-300x300.jpg 300w, https:\/\/focusonstartup.com\/wp-content\/uploads\/2025\/03\/especialistas-SEM-150x150.jpg 150w, https:\/\/focusonstartup.com\/wp-content\/uploads\/2025\/03\/especialistas-SEM.jpg 500w\" sizes=\"(max-width: 350px) 100vw, 350px\" \/>\n<h4>Optimizaci\u00f3n de Presupuesto<\/h4><p>Sacamos el m\u00e1ximo partido a cada euro invertido, nuestro equipo de profesionales ajusta tus campa\u00f1as en tiempo real para que tengas siempre la mejor puja.<\/p>\n<img src=\"https:\/\/focusonstartup.com\/wp-content\/uploads\/2025\/03\/especialistas-SEM-imagen-350x350.jpg\" width=\"350\" height=\"350\" title=\"especialistas SEM\" alt=\"An\u00e1lisis de Audiencia en campa\u00f1as SEM\" srcset=\"https:\/\/focusonstartup.com\/wp-content\/uploads\/2025\/03\/especialistas-SEM-imagen-350x350.jpg 350w, https:\/\/focusonstartup.com\/wp-content\/uploads\/2025\/03\/especialistas-SEM-imagen-300x300.jpg 300w, https:\/\/focusonstartup.com\/wp-content\/uploads\/2025\/03\/especialistas-SEM-imagen-150x150.jpg 150w, https:\/\/focusonstartup.com\/wp-content\/uploads\/2025\/03\/especialistas-SEM-imagen.jpg 512w\" sizes=\"(max-width: 350px) 100vw, 350px\" \/>\n<h4>An\u00e1lisis de Audiencia<\/h4><p>Identificamos a tus clientes ideales por sectores y los impactamos con anuncios efectivos especialmente dise\u00f1ados para cada target de tus audiencias, obteniendo as\u00ed los mejores CR%.<\/p>\n<h4>YouTube Ads para Branding y Conversi\u00f3n<\/h4><p>Tu marca a la vista de todos. Descubre el impacto que podemos tener con anuncios de Youtube que te generar\u00e1n una gran cantidad de ventas y un excelente foco de opini\u00f3n, difusi\u00f3n y visibilidad.<\/p><p>Generamos y olptimizamos tus videos publicitarios y de difusi\u00f3n con personalidad propia.<\/p>\n<img src=\"https:\/\/focusonstartup.com\/wp-content\/uploads\/2025\/03\/publicidad-youtube-para-startups-400x400.jpg\" width=\"400\" height=\"400\" title=\"publicidad Youtube para startups\" alt=\"publicidad Youtube para startups\" srcset=\"https:\/\/focusonstartup.com\/wp-content\/uploads\/2025\/03\/publicidad-youtube-para-startups-400x400.jpg 400w, https:\/\/focusonstartup.com\/wp-content\/uploads\/2025\/03\/publicidad-youtube-para-startups-300x300.jpg 300w, https:\/\/focusonstartup.com\/wp-content\/uploads\/2025\/03\/publicidad-youtube-para-startups-150x150.jpg 150w, https:\/\/focusonstartup.com\/wp-content\/uploads\/2025\/03\/publicidad-youtube-para-startups-350x350.jpg 350w, https:\/\/focusonstartup.com\/wp-content\/uploads\/2025\/03\/publicidad-youtube-para-startups.jpg 512w\" sizes=\"(max-width: 400px) 100vw, 400px\" \/>\n<h4>Retargeting Inteligente<\/h4><p>Reimpactamos a usuarios interesados en tu negocio para cerrar m\u00e1s ventas. Tu negocio tendr\u00e1 prioridad sobre otros anuncios sobre usuarios que ya te han visitado con anterioridad.<\/p><p>Adem\u00e1s, el tr\u00e1fico obtenido del retargeting te resultar\u00e1 m\u00e1s econ\u00f3mico. No dejes que la competencia se quede con tus esfuerzos!<\/p>\n<img src=\"https:\/\/focusonstartup.com\/wp-content\/uploads\/2025\/03\/especialistas-SEM-2-400x400.jpg\" width=\"400\" height=\"400\" title=\"especialistas SEM\" alt=\"especialistas SEM\" srcset=\"https:\/\/focusonstartup.com\/wp-content\/uploads\/2025\/03\/especialistas-SEM-2-400x400.jpg 400w, https:\/\/focusonstartup.com\/wp-content\/uploads\/2025\/03\/especialistas-SEM-2-300x300.jpg 300w, https:\/\/focusonstartup.com\/wp-content\/uploads\/2025\/03\/especialistas-SEM-2-150x150.jpg 150w, https:\/\/focusonstartup.com\/wp-content\/uploads\/2025\/03\/especialistas-SEM-2.jpg 500w\" sizes=\"(max-width: 400px) 100vw, 400px\" \/>\n<h3 dir=\"auto\">\u00bfPor qu\u00e9 somos el socio Ideal para tu Startup?<\/h3><ul><li>Crecemos Contigo \u2013 Ajustamos estrategias seg\u00fan la etapa de tu startup, desde el lanzamiento hasta la escalabilidad.<\/li><li>\u2705 100% Enfocados en Resultados \u2013 No vendemos humo, trabajamos con m\u00e9tricas claras y optimizaci\u00f3n constante.<\/li><li>\u2705 Sin Costes Innecesarios \u2013 Estrategias eficientes para startups con presupuestos ajustados.<\/li><li>\u2705 Soporte Cercano y Personalizado \u2013 Nos convertimos en parte de tu equipo para lograr el \u00e9xito juntos.<\/li><\/ul><p>\ud83d\udcc8 \u00bfListo para acelerar el crecimiento de tu startup? \u00a1Hablemos y dise\u00f1emos una estrategia SEM a medida para ti!<\/p>","_links":{"self":[{"href":"https:\/\/focusonstartup.com\/index.php?rest_route=\/wp\/v2\/pages\/6","targetHints":{"allow":["GET"]}}],"collection":[{"href":"https:\/\/focusonstartup.com\/index.php?rest_route=\/wp\/v2\/pages"}],"about":[{"href":"https:\/\/focusonstartup.com\/index.php?rest_route=\/wp\/v2\/types\/page"}],"author":[{"embeddable":true,"href":"https:\/\/focusonstartup.com\/index.php?rest_route=\/wp\/v2\/users\/1"}],"replies":[{"embeddable":true,"href":"https:\/\/focusonstartup.com\/index.php?rest_route=%2Fwp%2Fv2%2Fcomments&post=6"}],"version-history":[{"count":15,"href":"https:\/\/focusonstartup.com\/index.php?rest_route=\/wp\/v2\/pages\/6\/revisions"}],"predecessor-version":[{"id":27,"href":"https:\/\/focusonstartup.com\/index.php?rest_route=\/wp\/v2\/pages\/6\/revisions\/27"}],"wp:featuredmedia":[{"embeddable":true,"href":"https:\/\/focusonstartup.com\/index.php?rest_route=\/wp\/v2\/media\/7"}],"wp:attachment":[{"href":"https:\/\/focusonstartup.com\/index.php?rest_route=%2Fwp%2Fv2%2Fmedia&parent=6"}],"curies":[{"name":"wp","href":"https:\/\/api.w.org\/{rel}","templated":true}]}}